{"id":71,"date":"2025-12-11T20:28:28","date_gmt":"2025-12-11T19:28:28","guid":{"rendered":"https:\/\/autoescolamediterrania.es\/?page_id=71"},"modified":"2026-02-03T10:28:03","modified_gmt":"2026-02-03T09:28:03","slug":"politica-de-cookies","status":"publish","type":"page","link":"https:\/\/autoescolamediterrania.es\/ca\/politica-de-cookies\/","title":{"rendered":"POL\u00cdTICA DE COOKIES"},"content":{"rendered":"\t\t<div data-elementor-type=\"wp-page\" data-elementor-id=\"71\" class=\"elementor elementor-71\" data-elementor-post-type=\"page\">\n\t\t\t\t<div class=\"elementor-element elementor-element-ca91636 section-sm e-flex e-con-boxed e-con e-parent\" data-id=\"ca91636\" data-element_type=\"container\" data-e-type=\"container\">\n\t\t\t\t\t<div class=\"e-con-inner\">\n\t\t\t\t<div class=\"elementor-element elementor-element-f0c7c41 elementor-widget elementor-widget-text-editor\" data-id=\"f0c7c41\" data-element_type=\"widget\" data-e-type=\"widget\" data-widget_type=\"text-editor.default\">\n\t\t\t\t\t\t\t\t\t<section id=\"politica-cookies-cat\">\n  <h5><strong>Pol\u00edtica de cookies<\/strong><\/h5>\n\n  <h5><strong>1. Qu\u00e8 s\u00f3n les cookies<\/strong><\/h5>\n  <p>\n    Les cookies s\u00f3n fitxers que es descarreguen al teu dispositiu quan accedeixes a un lloc web.\n    Permeten emmagatzemar i recuperar informaci\u00f3 sobre els teus h\u00e0bits de navegaci\u00f3. El seu \u00fas\n    est\u00e0 regulat pel Reglament (UE) 2016\/679 (RGPD), la Llei Org\u00e0nica 3\/2018 (LOPDGDD) i la Llei\n    34\/2002 (LSSI-CE).\n  <\/p>\n\n  <h5><strong>2. Responsable del tractament<\/strong><\/h5>\n  <p><strong>Titular:<\/strong> VI2MO FORMACI\u00d3 SL (d\u2019ara endavant, LA EMPRESA)<\/p>\n  <p><strong>CIF:<\/strong> B17437906<\/p>\n  <p><strong>Domicili:<\/strong> DR. FLEMING, 5 \u2013 17250, PLATJA D\u2019ARO (GIRONA), Espanya<\/p>\n  <p><strong>Email de contacte:<\/strong> <a href=\"mailto:info@autoescolamediterrania.com\">info@autoescolamediterrania.com<\/a><\/p>\n\n  <h5><strong>3. Tipus de cookies utilitzades<\/strong><\/h5>\n  <p>\n    Actualment aquest lloc web utilitza \u00fanicament cookies t\u00e8cniques o necess\u00e0ries per al correcte\n    funcionament del lloc, la seguretat i la prestaci\u00f3 dels serveis sol\u00b7licitats per l\u2019usuari.\n    Aquestes cookies no requereixen el consentiment previ de l\u2019usuari.\n  <\/p>\n  <p>\n    No s\u2019utilitzen en aquest moment cookies d\u2019an\u00e0lisi, estad\u00edstiques, publicitat o de publicitat\n    comportamental.\n  <\/p>\n\n  <h5><strong>4. Possibles cookies d\u2019anal\u00edtica en el futur<\/strong><\/h5>\n  <p>\n    Aquest web pot, en el futur, utilitzar eines d\u2019anal\u00edtica (per exemple, Google Analytics)\n    mitjan\u00e7ant Google Tag Manager. En aquest cas, s\u2019activaran cookies addicionals d\u2019anal\u00edtica o\n    publicitat, que nom\u00e9s s\u2019instal\u00b7laran amb el consentiment previ de l\u2019usuari.\n  <\/p>\n  <p>\n    En el moment en qu\u00e8 aquestes eines siguin activades, aquesta pol\u00edtica de cookies ser\u00e0\n    actualitzada i es complementar\u00e0 amb un llistat detallat de les cookies utilitzades, indicant\n    la seva finalitat, durada i si s\u00f3n pr\u00f2pies o de tercers.\n  <\/p>\n\n  <h5><strong>5. Base jur\u00eddica<\/strong><\/h5>\n  <p>\n    La base jur\u00eddica per al tractament de dades mitjan\u00e7ant cookies t\u00e8cniques \u00e9s l\u2019inter\u00e8s leg\u00edtim\n    de LA EMPRESA en garantir el funcionament del lloc web i la prestaci\u00f3 dels serveis sol\u00b7licitats.\n  <\/p>\n  <p>\n    En el cas que en el futur s\u2019utilitzin cookies d\u2019anal\u00edtica o publicitat, la base jur\u00eddica ser\u00e0\n    el consentiment de l\u2019usuari, que haur\u00e0 de ser lliure, informat i inequ\u00edvoc.\n  <\/p>\n\n  <h5><strong>6. Gesti\u00f3 de les cookies<\/strong><\/h5>\n  <p>\n    L\u2019usuari pot configurar el seu navegador per acceptar, bloquejar o eliminar les cookies\n    instal\u00b7lades al seu dispositiu. Tingues en compte que el bloqueig de determinades cookies\n    t\u00e8cniques pot afectar el funcionament correcte del lloc web.\n  <\/p>\n  <ul>\n    <li><strong>Chrome:<\/strong> Configuraci\u00f3 &gt; Privadesa i seguretat &gt; Cookies i altres dades del lloc<\/li>\n    <li><strong>Firefox:<\/strong> Opcions &gt; Privadesa i seguretat &gt; Cookies i dades del lloc<\/li>\n    <li><strong>Safari:<\/strong> Prefer\u00e8ncies &gt; Privadesa<\/li>\n    <li><strong>Edge:<\/strong> Configuraci\u00f3 &gt; Cookies i permisos del lloc<\/li>\n  <\/ul>\n\n  <h5><strong>7. Conservaci\u00f3 de les dades<\/strong><\/h5>\n  <p>\n    Les dades obtingudes mitjan\u00e7ant cookies t\u00e8cniques es conserven durant el temps necessari per\n    a la finalitat per a la qual s\u00f3n tractades i, en tot cas, no m\u00e9s enll\u00e0 dels terminis establerts\n    per la normativa aplicable.\n  <\/p>\n\n  <h5><strong>8. Actualitzacions de la pol\u00edtica de cookies<\/strong><\/h5>\n  <p>\n    Aquesta pol\u00edtica de cookies pot ser modificada quan sigui necessari per adaptar-la a novetats\n    legislatives o canvis en el funcionament del lloc web. Es recomana revisar-la peri\u00f2dicament.\n  <\/p>\n<\/section>\n\t\t\t\t\t\t\t\t<\/div>\n\t\t\t\t\t<\/div>\n\t\t\t\t<\/div>\n\t\t\t\t<\/div>\n\t\t","protected":false},"excerpt":{"rendered":"<p>Pol\u00edtica de cookies 1. Qu\u00e8 s\u00f3n les cookies Les cookies s\u00f3n fitxers que es descarreguen al teu dispositiu quan accedeixes a un lloc web. Permeten emmagatzemar i recuperar informaci\u00f3 sobre els teus h\u00e0bits de navegaci\u00f3. El seu \u00fas est\u00e0 regulat pel Reglament (UE) 2016\/679 (RGPD), la Llei Org\u00e0nica 3\/2018 (LOPDGDD) i la Llei 34\/2002 (LSSI-CE). [&hellip;]<\/p>\n","protected":false},"author":1,"featured_media":0,"parent":0,"menu_order":0,"comment_status":"closed","ping_status":"closed","template":"","meta":{"slim_seo":{"title":"POL\u00cdTICA DE COOKIES - Autoescola Mediterr\u00e0nia","description":"Pol\u00edtica de cookies 1. Qu\u00e8 s\u00f3n les cookies Les cookies s\u00f3n fitxers que es descarreguen al teu dispositiu quan accedeixes a un lloc web. Permeten emmagatzemar i"},"footnotes":""},"class_list":["post-71","page","type-page","status-publish","hentry"],"_links":{"self":[{"href":"https:\/\/autoescolamediterrania.es\/ca\/wp-json\/wp\/v2\/pages\/71","targetHints":{"allow":["GET"]}}],"collection":[{"href":"https:\/\/autoescolamediterrania.es\/ca\/wp-json\/wp\/v2\/pages"}],"about":[{"href":"https:\/\/autoescolamediterrania.es\/ca\/wp-json\/wp\/v2\/types\/page"}],"author":[{"embeddable":true,"href":"https:\/\/autoescolamediterrania.es\/ca\/wp-json\/wp\/v2\/users\/1"}],"replies":[{"embeddable":true,"href":"https:\/\/autoescolamediterrania.es\/ca\/wp-json\/wp\/v2\/comments?post=71"}],"version-history":[{"count":3,"href":"https:\/\/autoescolamediterrania.es\/ca\/wp-json\/wp\/v2\/pages\/71\/revisions"}],"predecessor-version":[{"id":2244,"href":"https:\/\/autoescolamediterrania.es\/ca\/wp-json\/wp\/v2\/pages\/71\/revisions\/2244"}],"wp:attachment":[{"href":"https:\/\/autoescolamediterrania.es\/ca\/wp-json\/wp\/v2\/media?parent=71"}],"curies":[{"name":"wp","href":"https:\/\/api.w.org\/{rel}","templated":true}]}}